{"id":3614,"date":"2020-09-30T17:06:40","date_gmt":"2020-09-30T15:06:40","guid":{"rendered":"https:\/\/klineva.com\/?page_id=3614"},"modified":"2024-03-01T14:08:34","modified_gmt":"2024-03-01T13:08:34","slug":"mentions-legales","status":"publish","type":"page","link":"https:\/\/klineva.com\/pl\/mentions-legales\/","title":{"rendered":"Informacje prawne"},"content":{"rendered":"<div data-elementor-type=\"wp-page\" data-elementor-id=\"3614\" class=\"elementor elementor-3614\" data-elementor-post-type=\"page\">\n\t\t\t\t\t\t<section class=\"elementor-section elementor-top-section elementor-element elementor-element-70787474 elementor-section-full_width elementor-section-height-default elementor-section-height-default\" data-id=\"70787474\" data-element_type=\"section\" data-e-type=\"section\">\n\t\t\t\t\t\t<div class=\"elementor-container elementor-column-gap-default\">\n\t\t\t\t\t<div class=\"elementor-column elementor-col-100 elementor-top-column elementor-element elementor-element-26e3b5b5\" data-id=\"26e3b5b5\" data-element_type=\"column\" data-e-type=\"column\">\n\t\t\t<div class=\"elementor-widget-wrap elementor-element-populated\">\n\t\t\t\t\t\t<div class=\"elementor-element elementor-element-34e687bf elementor-widget-mobile__width-initial elementor-widget-tablet__width-initial elementor-invisible elementor-widget elementor-widget-heading\" data-id=\"34e687bf\" data-element_type=\"widget\" data-e-type=\"widget\" data-settings=\"{&quot;_animation&quot;:&quot;slideInUp&quot;,&quot;_animation_delay&quot;:0}\" data-widget_type=\"heading.default\">\n\t\t\t\t\t<h1 class=\"elementor-heading-title elementor-size-default\"><span style=\"white-space:pre-wrap\">Przeczytaj informacje<br> prawna Klineva<\/span><\/h1>\t\t\t\t<\/div>\n\t\t\t\t\t<\/div>\n\t\t<\/div>\n\t\t\t\t\t<\/div>\n\t\t<\/section>\n\t\t\t\t<section class=\"elementor-section elementor-top-section elementor-element elementor-element-b5701a6 elementor-section-boxed elementor-section-height-default elementor-section-height-default\" data-id=\"b5701a6\" data-element_type=\"section\" data-e-type=\"section\">\n\t\t\t\t\t\t<div class=\"elementor-container elementor-column-gap-default\">\n\t\t\t\t\t<div class=\"elementor-column elementor-col-100 elementor-top-column elementor-element elementor-element-faaad2d\" data-id=\"faaad2d\" data-element_type=\"column\" data-e-type=\"column\">\n\t\t\t<div class=\"elementor-widget-wrap elementor-element-populated\">\n\t\t\t\t\t\t<div class=\"elementor-element elementor-element-fd392c3 elementor-widget elementor-widget-html\" data-id=\"fd392c3\" data-element_type=\"widget\" data-e-type=\"widget\" data-widget_type=\"html.default\">\n\t\t\t\t\t\n<h3 class='h3mentions'>1 - Prezentacja strony<\/h3><br \/>\n<p class=\"pmentions\">Zgodnie z art. 6 francuskiej ustawy nr 2004-575 z dnia 21 czerwca 2004 r. o zaufaniu w gospodarce cyfrowej, u\u017cytkownicy strony internetowej s\u0105 niniejszym informowani, \u017ce <a href=\"https:\/\/klineva.com\/pl\/\">www.klineva.com<\/a> to\u017csamo\u015b\u0107 r\u00f3\u017cnych stron zaanga\u017cowanych w jego wdra\u017canie i monitorowanie:<\/p>\n<p class=\"pmentions\"><strong>W\u0142a\u015bciciel<\/strong> Klineva Clinique Esthetique - - Trump Towers, Mecidiyek\u00f6y Yolu Cad. No:12 D: 2805, Ku\u015ftepe 34381 \u015ei\u015fli \/ \u0130STANBUL<br \/>\n<strong>Tw\u00f3rca<\/strong>  : <a href=\"https:\/\/www.behance.net\/paulineahumada\">Pauline Ahumada<\/a><br \/>\n<strong>Odpowiedzialny za publikacj\u0119<\/strong> Jeremy Delattre - contact@klineva.com<br \/>\nOsob\u0105 odpowiedzialn\u0105 za publikacj\u0119 jest osoba fizyczna lub prawna.<br \/>\n<strong>Webmaster<\/strong> Julien Delanoue - julien.delanoue@klineva.com<br \/>\n<strong>Gospodarz<\/strong> IONOS by 1&amp;1 - 7 PL DE LA GARE 57200 SARREGUEMINES<br \/>\nKredyty: Scenarzy\u015bci: Julien Delanoue, Jeremy Delattre\nKierunek artystyczny: Pauline Ahumada\nStworzenie strony internetowej: Pauline Ahumada<br \/>\nSzablon noty prawnej jest oferowany przez Subdelirium.com <a target=\"_blank\" href=\"https:\/\/www.subdelirium.com\/generateur-de-mentions-legales\/\" alt=\"generateur de mentions l\u00e9gales\">Generator not prawnych<\/a><\/p>\n<br \/>\n\n<h3 class='h3mentions'>2 - Og\u00f3lne warunki korzystania z witryny i oferowanych us\u0142ug<\/h3>\n<br \/>\n<p class=\"pmentions\">Korzystanie z witryny <a href=\"https:\/\/klineva.com\/pl\/\">www.klineva.com<\/a> oznacza pe\u0142n\u0105 i bezwarunkow\u0105 akceptacj\u0119 og\u00f3lnych warunk\u00f3w u\u017cytkowania opisanych poni\u017cej. Niniejsze warunki u\u017cytkowania mog\u0105 zosta\u0107 zmienione lub uzupe\u0142nione w dowolnym momencie. <a href=\"https:\/\/klineva.com\/pl\/\">www.klineva.com<\/a> s\u0105 zatem zach\u0119cani do regularnego konsultowania si\u0119 z nimi.<\/p>\n<p class=\"pmentions\">Niniejsza strona jest normalnie dost\u0119pna dla u\u017cytkownik\u00f3w przez ca\u0142y czas. Klineva Clinique Esthetique mo\u017ce jednak podj\u0105\u0107 decyzj\u0119 o przerwaniu dzia\u0142ania strony w celu przeprowadzenia konserwacji technicznej. W takim przypadku Klineva Clinique Esthetique do\u0142o\u017cy wszelkich stara\u0144, aby poinformowa\u0107 u\u017cytkownik\u00f3w z wyprzedzeniem o datach i godzinach interwencji.<\/p>\n<p class=\"pmentions\">Strona internetowa <a href=\"https:\/\/klineva.com\/pl\/\">www.klineva.com<\/a> jest regularnie aktualizowana przez Jeremy'ego Delattre. W ten sam spos\u00f3b noty prawne mog\u0105 zosta\u0107 zmienione w dowolnym momencie: s\u0105 one jednak wi\u0105\u017c\u0105ce dla u\u017cytkownika, kt\u00f3ry jest proszony o odwo\u0142ywanie si\u0119 do nich tak cz\u0119sto, jak to mo\u017cliwe, w celu ich przeczytania.<\/p>\n<br \/>\n<h3 class='h3mentions'>3 - Opis \u015bwiadczonych us\u0142ug<\/h3>\n<p class=\"pmentions\">Strona internetowa <a href=\"https:\/\/klineva.com\/pl\/\">www.klineva.com<\/a> jest dostarczanie informacji o wszystkich dzia\u0142aniach firmy.<\/p>\n<p class=\"pmentions\">Klineva Clinique Esthetique dok\u0142ada wszelkich stara\u0144, aby zapewni\u0107 na stronie internetowej <a href=\"https:\/\/klineva.com\/pl\/\">www.klineva.com<\/a> informacje tak dok\u0142adne, jak to tylko mo\u017cliwe. Nie mo\u017ce jednak ponosi\u0107 odpowiedzialno\u015bci za jakiekolwiek pomini\u0119cia, nie\u015bcis\u0142o\u015bci lub brak aktualizacji informacji, niezale\u017cnie od tego, czy wynikaj\u0105 one z jej winy, czy z winy partner\u00f3w zewn\u0119trznych, kt\u00f3rzy dostarczaj\u0105 informacje.<\/p>\n<p class=\"pmentions\">Wszystkie informacje na stronie <a href=\"https:\/\/klineva.com\/pl\/\">www.klineva.com<\/a> maj\u0105 charakter wy\u0142\u0105cznie informacyjny i mog\u0105 ulec zmianie. Ponadto informacje zawarte na stronie <a href=\"https:\/\/klineva.com\/pl\/\">www.klineva.com<\/a> nie s\u0105 wyczerpuj\u0105ce. Podano je z zastrze\u017ceniem wszelkich zmian, kt\u00f3re mog\u0142y zosta\u0107 wprowadzone od czasu ich umieszczenia w Internecie.<\/p><br \/>\n<h3 class='h3mentions'>4 - Umowne ograniczenia dotycz\u0105ce danych technicznych<\/h3><br \/>\n<p class=\"pmentions\">Witryna wykorzystuje technologi\u0119 JavaScript.<\/p>\n<p class=\"pmentions\">Witryna nie ponosi odpowiedzialno\u015bci za jakiekolwiek szkody materialne wynikaj\u0105ce z korzystania z witryny. Ponadto u\u017cytkownicy strony zobowi\u0105zuj\u0105 si\u0119 do korzystania z niej przy u\u017cyciu najnowszego, wolnego od wirus\u00f3w sprz\u0119tu oraz aktualnej przegl\u0105darki najnowszej generacji.<\/p><br \/>\n<h3 class='h3mentions'>5 - W\u0142asno\u015b\u0107 intelektualna i podrabianie<\/h3><br \/>\n<p class=\"pmentions\">Klineva clinique esth\u00e9tique jest w\u0142a\u015bcicielem praw w\u0142asno\u015bci intelektualnej lub posiada prawa do korzystania ze wszystkich element\u00f3w dost\u0119pnych na stronie, w szczeg\u00f3lno\u015bci tekst\u00f3w, obraz\u00f3w, grafiki, logo, ikon, d\u017awi\u0119k\u00f3w i oprogramowania.<\/p>\n<p class=\"pmentions\">Jakiekolwiek powielanie, przedstawianie, modyfikowanie, publikowanie, adaptowanie ca\u0142o\u015bci lub cz\u0119\u015bci element\u00f3w witryny, niezale\u017cnie od u\u017cytych \u015brodk\u00f3w lub procesu, jest zabronione, chyba \u017ce za uprzedni\u0105 pisemn\u0105 zgod\u0105 : Klineva clinique esth\u00e9tique.<\/p>\n<p class=\"pmentions\">Jakiekolwiek nieuprawnione korzystanie z witryny lub kt\u00f3regokolwiek z jej element\u00f3w b\u0119dzie uwa\u017cane za naruszenie i b\u0119dzie \u015bcigane zgodnie z postanowieniami artyku\u0142\u00f3w L.335-2 i nast\u0119pnych francuskiego kodeksu w\u0142asno\u015bci intelektualnej.<\/p>\n<br \/>\n<h3 class='h3mentions'>6 - Ograniczenie odpowiedzialno\u015bci<\/h3>\n<br \/>\n<p class=\"pmentions\">Klineva Clinique Esthetique nie ponosi odpowiedzialno\u015bci za jakiekolwiek bezpo\u015brednie lub po\u015brednie szkody wyrz\u0105dzone w sprz\u0119cie u\u017cytkownika podczas uzyskiwania dost\u0119pu do strony internetowej www.klineva.com, wynikaj\u0105ce z korzystania ze sprz\u0119tu, kt\u00f3ry nie spe\u0142nia specyfikacji wskazanych w punkcie 4, lub z pojawienia si\u0119 b\u0142\u0119du lub niekompatybilno\u015bci.<\/p>\n<p class=\"pmentions\">Klineva Clinique Esthetique nie ponosi odpowiedzialno\u015bci za szkody po\u015brednie (takie jak utrata dzia\u0142alno\u015bci lub utrata mo\u017cliwo\u015bci) wynikaj\u0105ce z korzystania ze strony internetowej Klineva Clinique Esthetique. <a href=\"https:\/\/klineva.com\/pl\/\">www.klineva.com<\/a>.<\/p>\n<p class=\"pmentions\">Obszary interaktywne (mo\u017cliwo\u015b\u0107 zadawania pyta\u0144 w obszarze kontaktowym) s\u0105 dost\u0119pne dla u\u017cytkownik\u00f3w. Klineva clinique esth\u00e9tique zastrzega sobie prawo do usuni\u0119cia, bez wcze\u015bniejszego powiadomienia, wszelkich tre\u015bci zamieszczonych w tym obszarze, kt\u00f3re naruszaj\u0105 przepisy obowi\u0105zuj\u0105ce we Francji, w szczeg\u00f3lno\u015bci przepisy dotycz\u0105ce ochrony danych. W stosownych przypadkach Klineva clinique esth\u00e9tique zastrzega sobie r\u00f3wnie\u017c prawo do poci\u0105gni\u0119cia u\u017cytkownika do odpowiedzialno\u015bci cywilnej i\/lub karnej, w szczeg\u00f3lno\u015bci w przypadku wiadomo\u015bci o charakterze rasistowskim, obra\u017aliwym, znies\u0142awiaj\u0105cym lub pornograficznym, niezale\u017cnie od u\u017cytego medium (tekst, zdj\u0119cia itp.).<\/p>\n<br \/>\n<h3 class='h3mentions'>7 - Zarz\u0105dzanie danymi osobowymi <\/h3>\n<br \/>\n<p class=\"pmentions\">We Francji dane osobowe s\u0105 chronione ustaw\u0105 nr 78-87 z dnia 6 stycznia 1978 r., ustaw\u0105 nr 2004-801 z dnia 6 sierpnia 2004 r., artyku\u0142em L. 226-13 kodeksu karnego i dyrektyw\u0105 europejsk\u0105 z dnia 24 pa\u017adziernika 1995 r.<\/p>\n<p class=\"pmentions\">Podczas korzystania z witryny <a href=\"https:\/\/klineva.com\/pl\/\">www.klineva.com<\/a>Gromadzone mog\u0105 by\u0107 nast\u0119puj\u0105ce informacje: adres URL link\u00f3w, za po\u015brednictwem kt\u00f3rych u\u017cytkownik uzyska\u0142 dost\u0119p do witryny <a href=\"https:\/\/klineva.com\/pl\/\">www.klineva.com<\/a>dostawca us\u0142ug internetowych u\u017cytkownika, adres protoko\u0142u internetowego (IP) u\u017cytkownika.<\/p>\n<p class=\"pmentions\"> W ka\u017cdym przypadku Klineva Clinique Esthetique gromadzi dane osobowe dotycz\u0105ce u\u017cytkownika wy\u0142\u0105cznie na potrzeby niekt\u00f3rych us\u0142ug oferowanych przez stron\u0119 internetow\u0105. <a href=\"https:\/\/klineva.com\/pl\/\">www.klineva.com<\/a>. U\u017cytkownicy przekazuj\u0105 te informacje z pe\u0142n\u0105 \u015bwiadomo\u015bci\u0105 fakt\u00f3w, zw\u0142aszcza gdy sami je wprowadzaj\u0105. U\u017cytkownik <a href=\"https:\/\/klineva.com\/pl\/\">www.klineva.com<\/a> obowi\u0105zek przekazania tych informacji.<\/p>\n<p class=\"pmentions\">Zgodnie z postanowieniami art. 38 i nast\u0119pnych ustawy 78-17 z dnia 6 stycznia 1978 r. o przetwarzaniu danych, zbiorach danych i swobodach osobistych, wszyscy u\u017cytkownicy maj\u0105 prawo dost\u0119pu, sprostowania i sprzeciwu wobec wszelkich danych osobowych, kt\u00f3re ich dotycz\u0105, wysy\u0142aj\u0105c pisemny i podpisany wniosek wraz z kopi\u0105 dokumentu to\u017csamo\u015bci z podpisem posiadacza dokumentu, okre\u015blaj\u0105cy adres, na kt\u00f3ry ma zosta\u0107 wys\u0142ana odpowied\u017a.<\/p>\n<p class=\"pmentions\">\u017badne dane osobowe u\u017cytkownika <a href=\"https:\/\/klineva.com\/pl\/\">www.klineva.com<\/a> jest publikowana bez wiedzy u\u017cytkownika, wymieniana, przekazywana, cedowana lub sprzedawana na jakimkolwiek no\u015bniku osobom trzecim. Jedynie za\u0142o\u017cenie odkupu Klineva clinique esth\u00e9tique i jej praw pozwoli\u0142oby na przekazanie wy\u017cej wymienionych informacji ewentualnemu nabywcy, kt\u00f3ry z kolei by\u0142by zobowi\u0105zany do zachowania i modyfikacji danych w odniesieniu do u\u017cytkownika strony. <a href=\"https:\/\/klineva.com\/pl\/\">www.klineva.com<\/a>.<\/p>\n<br \/>\n<p class=\"pmentions\">Bazy danych s\u0105 chronione przepisami ustawy z dnia 1 lipca 1998 r. transponuj\u0105cej dyrektyw\u0119 96\/9 z dnia 11 marca 1996 r. w sprawie ochrony prawnej baz danych.<\/p>\n<br \/>\n<h3 class='h3mentions'>8 - \u0141\u0105cza hipertekstowe i pliki cookie<\/h3>\n<br \/>\n<p class=\"pmentions\">Strona internetowa <a href=\"https:\/\/klineva.com\/pl\/\">www.klineva.com<\/a> zawiera pewn\u0105 liczb\u0119 link\u00f3w hipertekstowych do innych stron, utworzonych za zgod\u0105 Klineva clinique esth\u00e9tique. Klineva clinique esth\u00e9tique nie ma jednak mo\u017cliwo\u015bci sprawdzenia zawarto\u015bci stron odwiedzanych w ten spos\u00f3b, a zatem nie mo\u017ce przyj\u0105\u0107 \u017cadnej odpowiedzialno\u015bci w tym zakresie.<\/p>\n<p class=\"pmentions\">Przegl\u0105danie strony <a href=\"https:\/\/klineva.com\/pl\/\">www.klineva.com<\/a> mo\u017ce spowodowa\u0107 instalacj\u0119 plik\u00f3w cookie na komputerze u\u017cytkownika. Plik cookie to niewielki plik, kt\u00f3ry nie pozwala na identyfikacj\u0119 u\u017cytkownika, ale rejestruje informacje zwi\u0105zane z przegl\u0105daniem witryny przez komputer. Dane uzyskane w ten spos\u00f3b maj\u0105 na celu u\u0142atwienie p\u00f3\u017aniejszego przegl\u0105dania witryny i s\u0105 r\u00f3wnie\u017c wykorzystywane do pomiaru liczby odwiedzaj\u0105cych.<\/p>\n<p class=\"pmentions\">Odmowa instalacji plik\u00f3w cookie mo\u017ce uniemo\u017cliwi\u0107 dost\u0119p do niekt\u00f3rych us\u0142ug. U\u017cytkownicy mog\u0105 jednak skonfigurowa\u0107 sw\u00f3j komputer w nast\u0119puj\u0105cy spos\u00f3b, aby odm\u00f3wi\u0107 instalacji plik\u00f3w cookie:<\/p>\n<p class=\"pmentions\">W przegl\u0105darce Internet Explorer: zak\u0142adka Narz\u0119dzia (ikona w kszta\u0142cie ko\u0142a w prawym g\u00f3rnym rogu) \/ Opcje internetowe. Kliknij Poufno\u015b\u0107 i wybierz Blokuj wszystkie pliki cookie. Potwierd\u017a przyciskiem Ok.<\/p>\n<p class=\"pmentions\">Firefox: w g\u00f3rnej cz\u0119\u015bci okna przegl\u0105darki kliknij przycisk Firefox, a nast\u0119pnie przejd\u017a do zak\u0142adki Opcje. Kliknij kart\u0119 Prywatno\u015b\u0107.\n  Ustaw Regu\u0142y przechowywania na: u\u017cyj spersonalizowanych ustawie\u0144 dla historii. Na koniec usu\u0144 zaznaczenie, aby wy\u0142\u0105czy\u0107 pliki cookie.<\/p>\n<p class=\"pmentions\">W Safari: Kliknij ikon\u0119 menu (symbolizowan\u0105 przez trybik) w prawym g\u00f3rnym rogu przegl\u0105darki. Wybierz Ustawienia. Kliknij Poka\u017c ustawienia zaawansowane. W sekcji \"Poufno\u015b\u0107\" kliknij Ustawienia tre\u015bci. W sekcji \"Pliki cookie\" mo\u017cna zablokowa\u0107 pliki cookie.<\/p>\n<p class=\"pmentions\">W przegl\u0105darce Chrome: Kliknij ikon\u0119 menu (symbolizowan\u0105 przez trzy poziome linie) w prawym g\u00f3rnym rogu przegl\u0105darki. Wybierz Ustawienia. Kliknij Poka\u017c ustawienia zaawansowane. W sekcji \"Poufno\u015b\u0107\" kliknij preferencje.  W zak\u0142adce \"Poufno\u015b\u0107\" mo\u017cesz zablokowa\u0107 pliki cookie.<\/p>\n<br \/>\n\n<h3 class='h3mentions'>9 - G\u0142\u00f3wne przepisy, kt\u00f3rych to dotyczy<\/h3>\n<br \/>\n<p class=\"pmentions\">Ustawa nr 78-17 z dnia 6 stycznia 1978 r., zmieniona ustaw\u0105 nr 2004-801 z dnia 6 sierpnia 2004 r. o przetwarzaniu danych, zbiorach danych i swobodach indywidualnych.<\/p>\n<p class=\"pmentions\"> Ustawa nr 2004-575 z dnia 21 czerwca 2004 r. o zaufaniu w gospodarce cyfrowej.<\/p>\n<br \/>\n<h3 class='h3mentions'>10 - S\u0142owniczek<\/h3>\n<br \/>\n<p class=\"pmentions\">U\u017cytkownik: u\u017cytkownik Internetu \u0142\u0105cz\u0105cy si\u0119 z wy\u017cej wymienion\u0105 witryn\u0105 i korzystaj\u0105cy z niej.<\/p>\n<p class=\"pmentions\">Dane osobowe: \"informacje umo\u017cliwiaj\u0105ce, w jakiejkolwiek formie, bezpo\u015brednio lub po\u015brednio, identyfikacj\u0119 os\u00f3b fizycznych, kt\u00f3rych dotycz\u0105\" (art. 4 ustawy nr 78-17 z dnia 6 stycznia 1978 r.).<\/p>\t\t\t\t<\/div>\n\t\t\t\t\t<\/div>\n\t\t<\/div>\n\t\t\t\t\t<\/div>\n\t\t<\/section>\n\t\t\t\t<\/div>","protected":false},"excerpt":{"rendered":"<p>Lisez les Informations l\u00e9gales Klineva 1 &#8211; Pr\u00e9sentation du site En vertu de l&rsquo;article 6 de la loi n\u00b0 2004-575 du 21 juin 2004 pour la confiance dans l&rsquo;\u00e9conomie num\u00e9rique, il est pr\u00e9cis\u00e9 aux utilisateurs du site www.klineva.com l&rsquo;identit\u00e9 des diff\u00e9rents intervenants dans le cadre de sa r\u00e9alisation et de son suivi : Propri\u00e9taire : [&hellip;]<\/p>\n","protected":false},"author":2,"featured_media":0,"parent":0,"menu_order":0,"comment_status":"closed","ping_status":"closed","template":"","meta":{"footnotes":""},"class_list":["post-3614","page","type-page","status-publish","hentry"],"yoast_head":"<!-- This site is optimized with the Yoast SEO plugin v27.4 - https:\/\/yoast.com\/product\/yoast-seo-wordpress\/ -->\n<title>Retrouvez ici toutes les mentions l\u00e9gales de Klineva<\/title>\n<meta name=\"description\" content=\"Les mentions l\u00e9gales de Klineva, vous permettent de v\u00e9rifier notre cadre juridique et de nous contacter si besoin.\" \/>\n<meta name=\"robots\" content=\"index, follow, max-snippet:-1, max-image-preview:large, max-video-preview:-1\" \/>\n<link rel=\"canonical\" href=\"https:\/\/klineva.com\/pl\/mentions-legales\/\" \/>\n<meta property=\"og:locale\" content=\"pl_PL\" \/>\n<meta property=\"og:type\" content=\"article\" \/>\n<meta property=\"og:title\" content=\"Retrouvez ici toutes les mentions l\u00e9gales de Klineva\" \/>\n<meta property=\"og:description\" content=\"Les mentions l\u00e9gales de Klineva, vous permettent de v\u00e9rifier notre cadre juridique et de nous contacter si besoin.\" \/>\n<meta property=\"og:url\" content=\"https:\/\/klineva.com\/pl\/mentions-legales\/\" \/>\n<meta property=\"og:site_name\" content=\"Klineva\" \/>\n<meta property=\"article:modified_time\" content=\"2024-03-01T13:08:34+00:00\" \/>\n<meta name=\"twitter:card\" content=\"summary_large_image\" \/>\n<meta name=\"twitter:label1\" content=\"Szacowany czas czytania\" \/>\n\t<meta name=\"twitter:data1\" content=\"8 minut\" \/>\n<script type=\"application\/ld+json\" class=\"yoast-schema-graph\">{\"@context\":\"https:\\\/\\\/schema.org\",\"@graph\":[{\"@type\":\"WebPage\",\"@id\":\"https:\\\/\\\/klineva.com\\\/mentions-legales\\\/\",\"url\":\"https:\\\/\\\/klineva.com\\\/mentions-legales\\\/\",\"name\":\"Retrouvez ici toutes les mentions l\u00e9gales de Klineva\",\"isPartOf\":{\"@id\":\"https:\\\/\\\/klineva.com\\\/#website\"},\"datePublished\":\"2020-09-30T15:06:40+00:00\",\"dateModified\":\"2024-03-01T13:08:34+00:00\",\"description\":\"Les mentions l\u00e9gales de Klineva, vous permettent de v\u00e9rifier notre cadre juridique et de nous contacter si besoin.\",\"breadcrumb\":{\"@id\":\"https:\\\/\\\/klineva.com\\\/mentions-legales\\\/#breadcrumb\"},\"inLanguage\":\"pl-PL\",\"potentialAction\":[{\"@type\":\"ReadAction\",\"target\":[\"https:\\\/\\\/klineva.com\\\/mentions-legales\\\/\"]}]},{\"@type\":\"BreadcrumbList\",\"@id\":\"https:\\\/\\\/klineva.com\\\/mentions-legales\\\/#breadcrumb\",\"itemListElement\":[{\"@type\":\"ListItem\",\"position\":1,\"name\":\"Accueil\",\"item\":\"https:\\\/\\\/klineva.com\\\/\"},{\"@type\":\"ListItem\",\"position\":2,\"name\":\"Mentions legales\"}]},{\"@type\":\"WebSite\",\"@id\":\"https:\\\/\\\/klineva.com\\\/#website\",\"url\":\"https:\\\/\\\/klineva.com\\\/\",\"name\":\"Klineva\",\"description\":\"LEADER fran\u00e7ais de la greffe de cheveux en Turquie\",\"publisher\":{\"@id\":\"https:\\\/\\\/klineva.com\\\/#organization\"},\"potentialAction\":[{\"@type\":\"SearchAction\",\"target\":{\"@type\":\"EntryPoint\",\"urlTemplate\":\"https:\\\/\\\/klineva.com\\\/?s={search_term_string}\"},\"query-input\":{\"@type\":\"PropertyValueSpecification\",\"valueRequired\":true,\"valueName\":\"search_term_string\"}}],\"inLanguage\":\"pl-PL\"},{\"@type\":\"Organization\",\"@id\":\"https:\\\/\\\/klineva.com\\\/#organization\",\"name\":\"Klineva clinique esth\u00e9tique\",\"url\":\"https:\\\/\\\/klineva.com\\\/\",\"logo\":{\"@type\":\"ImageObject\",\"inLanguage\":\"pl-PL\",\"@id\":\"https:\\\/\\\/klineva.com\\\/#\\\/schema\\\/logo\\\/image\\\/\",\"url\":\"https:\\\/\\\/klineva.com\\\/wp-content\\\/uploads\\\/2020\\\/09\\\/logo-klineva-1-11-1.svg\",\"contentUrl\":\"https:\\\/\\\/klineva.com\\\/wp-content\\\/uploads\\\/2020\\\/09\\\/logo-klineva-1-11-1.svg\",\"width\":1,\"height\":1,\"caption\":\"Klineva clinique esth\u00e9tique\"},\"image\":{\"@id\":\"https:\\\/\\\/klineva.com\\\/#\\\/schema\\\/logo\\\/image\\\/\"},\"sameAs\":[\"https:\\\/\\\/www.instagram.com\\\/klinevaofficiel\\\/\"]}]}<\/script>\n<!-- \/ Yoast SEO plugin. -->","yoast_head_json":{"title":"Wszystkie informacje prawne Klineva mo\u017cna znale\u017a\u0107 tutaj","description":"Informacje prawne Klineva umo\u017cliwiaj\u0105 sprawdzenie naszych ram prawnych i skontaktowanie si\u0119 z nami w razie potrzeby.","robots":{"index":"index","follow":"follow","max-snippet":"max-snippet:-1","max-image-preview":"max-image-preview:large","max-video-preview":"max-video-preview:-1"},"canonical":"https:\/\/klineva.com\/pl\/mentions-legales\/","og_locale":"pl_PL","og_type":"article","og_title":"Retrouvez ici toutes les mentions l\u00e9gales de Klineva","og_description":"Les mentions l\u00e9gales de Klineva, vous permettent de v\u00e9rifier notre cadre juridique et de nous contacter si besoin.","og_url":"https:\/\/klineva.com\/pl\/mentions-legales\/","og_site_name":"Klineva","article_modified_time":"2024-03-01T13:08:34+00:00","twitter_card":"summary_large_image","twitter_misc":{"Szacowany czas czytania":"8 minut"},"schema":{"@context":"https:\/\/schema.org","@graph":[{"@type":"WebPage","@id":"https:\/\/klineva.com\/mentions-legales\/","url":"https:\/\/klineva.com\/mentions-legales\/","name":"Wszystkie informacje prawne Klineva mo\u017cna znale\u017a\u0107 tutaj","isPartOf":{"@id":"https:\/\/klineva.com\/#website"},"datePublished":"2020-09-30T15:06:40+00:00","dateModified":"2024-03-01T13:08:34+00:00","description":"Informacje prawne Klineva umo\u017cliwiaj\u0105 sprawdzenie naszych ram prawnych i skontaktowanie si\u0119 z nami w razie potrzeby.","breadcrumb":{"@id":"https:\/\/klineva.com\/mentions-legales\/#breadcrumb"},"inLanguage":"pl-PL","potentialAction":[{"@type":"ReadAction","target":["https:\/\/klineva.com\/mentions-legales\/"]}]},{"@type":"BreadcrumbList","@id":"https:\/\/klineva.com\/mentions-legales\/#breadcrumb","itemListElement":[{"@type":"ListItem","position":1,"name":"Accueil","item":"https:\/\/klineva.com\/"},{"@type":"ListItem","position":2,"name":"Mentions legales"}]},{"@type":"WebSite","@id":"https:\/\/klineva.com\/#website","url":"https:\/\/klineva.com\/","name":"Klineva","description":"Francuski lider w transplantacji w\u0142os\u00f3w w Turcji","publisher":{"@id":"https:\/\/klineva.com\/#organization"},"potentialAction":[{"@type":"SearchAction","target":{"@type":"EntryPoint","urlTemplate":"https:\/\/klineva.com\/?s={search_term_string}"},"query-input":{"@type":"PropertyValueSpecification","valueRequired":true,"valueName":"search_term_string"}}],"inLanguage":"pl-PL"},{"@type":"Organization","@id":"https:\/\/klineva.com\/#organization","name":"Klinika medycyny estetycznej Klineva","url":"https:\/\/klineva.com\/","logo":{"@type":"ImageObject","inLanguage":"pl-PL","@id":"https:\/\/klineva.com\/#\/schema\/logo\/image\/","url":"https:\/\/klineva.com\/wp-content\/uploads\/2020\/09\/logo-klineva-1-11-1.svg","contentUrl":"https:\/\/klineva.com\/wp-content\/uploads\/2020\/09\/logo-klineva-1-11-1.svg","width":1,"height":1,"caption":"Klineva clinique esth\u00e9tique"},"image":{"@id":"https:\/\/klineva.com\/#\/schema\/logo\/image\/"},"sameAs":["https:\/\/www.instagram.com\/klinevaofficiel\/"]}]}},"_links":{"self":[{"href":"https:\/\/klineva.com\/pl\/wp-json\/wp\/v2\/pages\/3614","targetHints":{"allow":["GET"]}}],"collection":[{"href":"https:\/\/klineva.com\/pl\/wp-json\/wp\/v2\/pages"}],"about":[{"href":"https:\/\/klineva.com\/pl\/wp-json\/wp\/v2\/types\/page"}],"author":[{"embeddable":true,"href":"https:\/\/klineva.com\/pl\/wp-json\/wp\/v2\/users\/2"}],"replies":[{"embeddable":true,"href":"https:\/\/klineva.com\/pl\/wp-json\/wp\/v2\/comments?post=3614"}],"version-history":[{"count":0,"href":"https:\/\/klineva.com\/pl\/wp-json\/wp\/v2\/pages\/3614\/revisions"}],"wp:attachment":[{"href":"https:\/\/klineva.com\/pl\/wp-json\/wp\/v2\/media?parent=3614"}],"curies":[{"name":"wp","href":"https:\/\/api.w.org\/{rel}","templated":true}]}}