{"id":3614,"date":"2020-09-30T17:06:40","date_gmt":"2020-09-30T15:06:40","guid":{"rendered":"https:\/\/klineva.com\/?page_id=3614"},"modified":"2024-03-01T14:08:34","modified_gmt":"2024-03-01T13:08:34","slug":"mentions-legales","status":"publish","type":"page","link":"https:\/\/klineva.com\/en\/mentions-legales\/","title":{"rendered":"Legal mentions"},"content":{"rendered":"<div data-elementor-type=\"wp-page\" data-elementor-id=\"3614\" class=\"elementor elementor-3614\" data-elementor-post-type=\"page\">\n\t\t\t\t\t\t<section class=\"elementor-section elementor-top-section elementor-element elementor-element-70787474 elementor-section-full_width elementor-section-height-default elementor-section-height-default\" data-id=\"70787474\" data-element_type=\"section\" data-e-type=\"section\">\n\t\t\t\t\t\t<div class=\"elementor-container elementor-column-gap-default\">\n\t\t\t\t\t<div class=\"elementor-column elementor-col-100 elementor-top-column elementor-element elementor-element-26e3b5b5\" data-id=\"26e3b5b5\" data-element_type=\"column\" data-e-type=\"column\">\n\t\t\t<div class=\"elementor-widget-wrap elementor-element-populated\">\n\t\t\t\t\t\t<div class=\"elementor-element elementor-element-34e687bf elementor-widget-mobile__width-initial elementor-widget-tablet__width-initial elementor-invisible elementor-widget elementor-widget-heading\" data-id=\"34e687bf\" data-element_type=\"widget\" data-e-type=\"widget\" data-settings=\"{&quot;_animation&quot;:&quot;slideInUp&quot;,&quot;_animation_delay&quot;:0}\" data-widget_type=\"heading.default\">\n\t\t\t\t\t<h1 class=\"elementor-heading-title elementor-size-default\"><span style=\"white-space:pre-wrap\">Read the Information<br> legal Klineva<\/span><\/h1>\t\t\t\t<\/div>\n\t\t\t\t\t<\/div>\n\t\t<\/div>\n\t\t\t\t\t<\/div>\n\t\t<\/section>\n\t\t\t\t<section class=\"elementor-section elementor-top-section elementor-element elementor-element-b5701a6 elementor-section-boxed elementor-section-height-default elementor-section-height-default\" data-id=\"b5701a6\" data-element_type=\"section\" data-e-type=\"section\">\n\t\t\t\t\t\t<div class=\"elementor-container elementor-column-gap-default\">\n\t\t\t\t\t<div class=\"elementor-column elementor-col-100 elementor-top-column elementor-element elementor-element-faaad2d\" data-id=\"faaad2d\" data-element_type=\"column\" data-e-type=\"column\">\n\t\t\t<div class=\"elementor-widget-wrap elementor-element-populated\">\n\t\t\t\t\t\t<div class=\"elementor-element elementor-element-fd392c3 elementor-widget elementor-widget-html\" data-id=\"fd392c3\" data-element_type=\"widget\" data-e-type=\"widget\" data-widget_type=\"html.default\">\n\t\t\t\t\t\n<h3 class='h3mentions'>1 - Presentation of the site<\/h3><br \/>\n<p class=\"pmentions\">Pursuant to Article 6 of French Law no. 2004-575 of 21 June 2004 on confidence in the digital economy, users of the website are hereby informed that <a href=\"https:\/\/klineva.com\/en\/\">www.klineva.com<\/a> the identity of the various parties involved in its implementation and monitoring:<\/p>\n<p class=\"pmentions\"><strong>Owner<\/strong> Klineva Clinique Esthetique - - Trump Towers, Mecidiyek\u00f6y Yolu Cad. No:12 D: 2805, Ku\u015ftepe 34381 \u015ei\u015fli \/ \u0130STANBUL<br \/>\n<strong>Creator<\/strong>  : <a href=\"https:\/\/www.behance.net\/paulineahumada\">Pauline Ahumada<\/a><br \/>\n<strong>Responsible for publication<\/strong> Jeremy Delattre - contact@klineva.com<br \/>\nThe person responsible for publication is either a natural person or a legal entity.<br \/>\n<strong>Webmaster<\/strong> : Julien Delanoue - julien.delanoue@klineva.com<br \/>\n<strong>Host<\/strong> IONOS by 1&amp;1 - 7 PL DE LA GARE 57200 SARREGUEMINES<br \/>\nCredits: Writers: Julien Delanoue, Jeremy Delattre\nArt direction: Pauline Ahumada\nWebsite creation: Pauline Ahumada<br \/>\nThe legal notice template is offered by Subdelirium.com <a target=\"_blank\" href=\"https:\/\/www.subdelirium.com\/generateur-de-mentions-legales\/\" alt=\"generateur de mentions l\u00e9gales\">Legal notice generator<\/a><\/p>\n<br \/>\n\n<h3 class='h3mentions'>2 - General terms and conditions of use of the site and the services offered<\/h3>\n<br \/>\n<p class=\"pmentions\">Use of the site <a href=\"https:\/\/klineva.com\/en\/\">www.klineva.com<\/a> implies full and unreserved acceptance of the general conditions of use set out below. These conditions of use may be amended or supplemented at any time. <a href=\"https:\/\/klineva.com\/en\/\">www.klineva.com<\/a> are therefore invited to consult them on a regular basis.<\/p>\n<p class=\"pmentions\">This site is normally accessible to users at all times. However, Klineva Clinique Esthetique may decide to interrupt the site for technical maintenance purposes. In such a case, Klineva Clinique Esthetique will endeavour to inform users of the dates and times of the intervention in advance.<\/p>\n<p class=\"pmentions\">The website <a href=\"https:\/\/klineva.com\/en\/\">www.klineva.com<\/a> is updated regularly by Jeremy Delattre. Similarly, the legal notices may be modified at any time: they are nevertheless binding on the user, who is invited to refer to them as often as possible in order to read them.<\/p>\n<br \/>\n<h3 class='h3mentions'>3 - Description of services provided<\/h3>\n<p class=\"pmentions\">The website <a href=\"https:\/\/klineva.com\/en\/\">www.klineva.com<\/a> is to provide information about all the company's activities.<\/p>\n<p class=\"pmentions\">Klineva Clinique Esthetique endeavours to provide on the site <a href=\"https:\/\/klineva.com\/en\/\">www.klineva.com<\/a> information as accurate as possible. However, it cannot be held responsible for any omissions, inaccuracies or failures to update the information, whether these are its fault or the fault of third-party partners who provide the information.<\/p>\n<p class=\"pmentions\">All the information on the site <a href=\"https:\/\/klineva.com\/en\/\">www.klineva.com<\/a> are given for information only and are subject to change. Furthermore, the information contained on the <a href=\"https:\/\/klineva.com\/en\/\">www.klineva.com<\/a> are not exhaustive. They are given subject to any changes that may have been made since they were put online.<\/p><br \/>\n<h3 class='h3mentions'>4 - Contractual limitations on technical data<\/h3><br \/>\n<p class=\"pmentions\">The site uses JavaScript technology.<\/p>\n<p class=\"pmentions\">The website cannot be held responsible for any material damage arising from use of the site. In addition, users of the site undertake to access the site using recent, virus-free equipment and with an up-to-date, latest-generation browser.<\/p><br \/>\n<h3 class='h3mentions'>5 - Intellectual property and counterfeiting<\/h3><br \/>\n<p class=\"pmentions\">Klineva clinique esth\u00e9tique is the owner of the intellectual property rights or holds the rights of use on all the elements accessible on the site, in particular the texts, images, graphics, logos, icons, sounds and software.<\/p>\n<p class=\"pmentions\">Any reproduction, representation, modification, publication, adaptation of all or part of the elements of the site, whatever the means or process used, is prohibited, except with the prior written authorisation of : Klineva clinique esth\u00e9tique.<\/p>\n<p class=\"pmentions\">Any unauthorised use of the site or of any of the elements it contains will be considered as constituting an infringement and will be prosecuted in accordance with the provisions of articles L.335-2 et seq. of the French Intellectual Property Code.<\/p>\n<br \/>\n<h3 class='h3mentions'>6 - Limitation of liability<\/h3>\n<br \/>\n<p class=\"pmentions\">Klineva Clinique Esthetique may not be held liable for any direct or indirect damage caused to the user's equipment when accessing the www.klineva.com website, resulting either from the use of equipment that does not meet the specifications indicated in point 4, or from the appearance of a bug or incompatibility.<\/p>\n<p class=\"pmentions\">Klineva Clinique Esthetique cannot be held responsible for indirect damage (such as loss of business or loss of opportunity) resulting from the use of the Klineva Clinique Esthetique website. <a href=\"https:\/\/klineva.com\/en\/\">www.klineva.com<\/a>.<\/p>\n<p class=\"pmentions\">Interactive areas (possibility to ask questions in the contact area) are available to users. Klineva clinique esth\u00e9tique reserves the right to delete, without prior notice, any content posted in this area that contravenes the legislation applicable in France, in particular provisions relating to data protection. Where applicable, Klineva clinique esth\u00e9tique also reserves the right to hold the user civilly and\/or criminally liable, particularly in the event of messages of a racist, insulting, defamatory or pornographic nature, whatever the medium used (text, photographs, etc.).<\/p>\n<br \/>\n<h3 class='h3mentions'>7 - Management of personal data <\/h3>\n<br \/>\n<p class=\"pmentions\">In France, personal data is protected by law no. 78-87 of 6 January 1978, law no. 2004-801 of 6 August 2004, article L. 226-13 of the Criminal Code and the European Directive of 24 October 1995.<\/p>\n<p class=\"pmentions\">When using the site <a href=\"https:\/\/klineva.com\/en\/\">www.klineva.com<\/a>The following information may be collected: the URL of the links through which the user has accessed the site <a href=\"https:\/\/klineva.com\/en\/\">www.klineva.com<\/a>the user's internet service provider, the user's internet protocol (IP) address.<\/p>\n<p class=\"pmentions\"> In any case, Klineva Clinique Esthetique only collects personal information relating to the user for the purposes of certain services offered by the website. <a href=\"https:\/\/klineva.com\/en\/\">www.klineva.com<\/a>. Users provide this information with full knowledge of the facts, particularly when they enter it themselves. The user of the <a href=\"https:\/\/klineva.com\/en\/\">www.klineva.com<\/a> the obligation to provide this information.<\/p>\n<p class=\"pmentions\">In accordance with the provisions of Articles 38 et seq. of Law 78-17 of 6 January 1978 on Data Processing, Data Files and Individual Liberties, all users have the right to access, rectify and object to any personal data concerning them, by sending a written and signed request, accompanied by a copy of the identity document bearing the signature of the bearer of the document, specifying the address to which the reply is to be sent.<\/p>\n<p class=\"pmentions\">No personal information about the user of the <a href=\"https:\/\/klineva.com\/en\/\">www.klineva.com<\/a> is published without the user's knowledge, exchanged, transferred, assigned or sold on any medium whatsoever to third parties. Only the assumption of the repurchase of Klineva clinique esth\u00e9tique and its rights would allow the transmission of the aforementioned information to the possible purchaser who would be in turn held of the same obligation of conservation and modification of the data with respect to the user of the site. <a href=\"https:\/\/klineva.com\/en\/\">www.klineva.com<\/a>.<\/p>\n<br \/>\n<p class=\"pmentions\">Databases are protected by the provisions of the Law of 1 July 1998 transposing Directive 96\/9 of 11 March 1996 on the legal protection of databases.<\/p>\n<br \/>\n<h3 class='h3mentions'>8 - Hypertext links and cookies<\/h3>\n<br \/>\n<p class=\"pmentions\">The website <a href=\"https:\/\/klineva.com\/en\/\">www.klineva.com<\/a> contains a certain number of hypertext links to other sites, set up with the authorisation of Klineva clinique esth\u00e9tique. However, Klineva clinique esth\u00e9tique does not have the possibility of checking the content of sites visited in this way, and consequently cannot accept any responsibility in this respect.<\/p>\n<p class=\"pmentions\">Browsing the site <a href=\"https:\/\/klineva.com\/en\/\">www.klineva.com<\/a> is likely to cause the installation of cookie(s) on the user's computer. A cookie is a small file which does not allow the user to be identified, but which records information relating to the browsing of a computer on a site. The data obtained in this way is intended to facilitate subsequent browsing of the site and is also used to measure visitor numbers.<\/p>\n<p class=\"pmentions\">Refusal to install a cookie may make it impossible to access certain services. However, users can configure their computer as follows to refuse the installation of cookies:<\/p>\n<p class=\"pmentions\">In Internet Explorer: Tools tab (wheel-shaped icon at top right) \/ Internet options. Click on Confidentiality and choose Block all cookies. Confirm with Ok.<\/p>\n<p class=\"pmentions\">Firefox: at the top of the browser window, click on the Firefox button, then go to the Options tab. Click on the Privacy tab.\n  Set the Retention Rules to: use personalised settings for history. Finally, uncheck it to deactivate cookies.<\/p>\n<p class=\"pmentions\">On Safari: Click on the menu icon (symbolised by a cog) at the top right of the browser. Select Settings. Click on Show advanced settings. In the \"Confidentiality\" section, click on Content settings. In the \"Cookies\" section, you can block cookies.<\/p>\n<p class=\"pmentions\">In Chrome: Click on the menu icon (symbolised by three horizontal lines) in the top right-hand corner of the browser. Select Settings. Click on Show advanced settings. In the \"Confidentiality\" section, click on preferences.  In the \"Confidentiality\" tab, you can block cookies.<\/p>\n<br \/>\n\n<h3 class='h3mentions'>9 - The main laws concerned<\/h3>\n<br \/>\n<p class=\"pmentions\">Act no. 78-17 of 6 January 1978, as amended by Act no. 2004-801 of 6 August 2004 on data processing, data files and individual liberties.<\/p>\n<p class=\"pmentions\"> Law no. 2004-575 of 21 June 2004 on confidence in the digital economy.<\/p>\n<br \/>\n<h3 class='h3mentions'>10 - Glossary<\/h3>\n<br \/>\n<p class=\"pmentions\">User: Internet user connecting to and using the aforementioned site.<\/p>\n<p class=\"pmentions\">Personal information: \"information which enables, in any form whatsoever, directly or indirectly, the identification of the natural persons to whom it applies\" (article 4 of law no. 78-17 of 6 January 1978).<\/p>\t\t\t\t<\/div>\n\t\t\t\t\t<\/div>\n\t\t<\/div>\n\t\t\t\t\t<\/div>\n\t\t<\/section>\n\t\t\t\t<\/div>","protected":false},"excerpt":{"rendered":"<p>Lisez les Informations l\u00e9gales Klineva 1 &#8211; Pr\u00e9sentation du site En vertu de l&rsquo;article 6 de la loi n\u00b0 2004-575 du 21 juin 2004 pour la confiance dans l&rsquo;\u00e9conomie num\u00e9rique, il est pr\u00e9cis\u00e9 aux utilisateurs du site www.klineva.com l&rsquo;identit\u00e9 des diff\u00e9rents intervenants dans le cadre de sa r\u00e9alisation et de son suivi : Propri\u00e9taire : [&hellip;]<\/p>\n","protected":false},"author":2,"featured_media":0,"parent":0,"menu_order":0,"comment_status":"closed","ping_status":"closed","template":"","meta":{"footnotes":""},"class_list":["post-3614","page","type-page","status-publish","hentry"],"yoast_head":"<!-- This site is optimized with the Yoast SEO plugin v27.4 - https:\/\/yoast.com\/product\/yoast-seo-wordpress\/ -->\n<title>Retrouvez ici toutes les mentions l\u00e9gales de Klineva<\/title>\n<meta name=\"description\" content=\"Les mentions l\u00e9gales de Klineva, vous permettent de v\u00e9rifier notre cadre juridique et de nous contacter si besoin.\" \/>\n<meta name=\"robots\" content=\"index, follow, max-snippet:-1, max-image-preview:large, max-video-preview:-1\" \/>\n<link rel=\"canonical\" href=\"https:\/\/klineva.com\/en\/mentions-legales\/\" \/>\n<meta property=\"og:locale\" content=\"en_GB\" \/>\n<meta property=\"og:type\" content=\"article\" \/>\n<meta property=\"og:title\" content=\"Retrouvez ici toutes les mentions l\u00e9gales de Klineva\" \/>\n<meta property=\"og:description\" content=\"Les mentions l\u00e9gales de Klineva, vous permettent de v\u00e9rifier notre cadre juridique et de nous contacter si besoin.\" \/>\n<meta property=\"og:url\" content=\"https:\/\/klineva.com\/en\/mentions-legales\/\" \/>\n<meta property=\"og:site_name\" content=\"Klineva\" \/>\n<meta property=\"article:modified_time\" content=\"2024-03-01T13:08:34+00:00\" \/>\n<meta name=\"twitter:card\" content=\"summary_large_image\" \/>\n<meta name=\"twitter:label1\" content=\"Estimated reading time\" \/>\n\t<meta name=\"twitter:data1\" content=\"8 minutes\" \/>\n<script type=\"application\/ld+json\" class=\"yoast-schema-graph\">{\"@context\":\"https:\\\/\\\/schema.org\",\"@graph\":[{\"@type\":\"WebPage\",\"@id\":\"https:\\\/\\\/klineva.com\\\/mentions-legales\\\/\",\"url\":\"https:\\\/\\\/klineva.com\\\/mentions-legales\\\/\",\"name\":\"Retrouvez ici toutes les mentions l\u00e9gales de Klineva\",\"isPartOf\":{\"@id\":\"https:\\\/\\\/klineva.com\\\/#website\"},\"datePublished\":\"2020-09-30T15:06:40+00:00\",\"dateModified\":\"2024-03-01T13:08:34+00:00\",\"description\":\"Les mentions l\u00e9gales de Klineva, vous permettent de v\u00e9rifier notre cadre juridique et de nous contacter si besoin.\",\"breadcrumb\":{\"@id\":\"https:\\\/\\\/klineva.com\\\/mentions-legales\\\/#breadcrumb\"},\"inLanguage\":\"en-GB\",\"potentialAction\":[{\"@type\":\"ReadAction\",\"target\":[\"https:\\\/\\\/klineva.com\\\/mentions-legales\\\/\"]}]},{\"@type\":\"BreadcrumbList\",\"@id\":\"https:\\\/\\\/klineva.com\\\/mentions-legales\\\/#breadcrumb\",\"itemListElement\":[{\"@type\":\"ListItem\",\"position\":1,\"name\":\"Accueil\",\"item\":\"https:\\\/\\\/klineva.com\\\/\"},{\"@type\":\"ListItem\",\"position\":2,\"name\":\"Mentions legales\"}]},{\"@type\":\"WebSite\",\"@id\":\"https:\\\/\\\/klineva.com\\\/#website\",\"url\":\"https:\\\/\\\/klineva.com\\\/\",\"name\":\"Klineva\",\"description\":\"LEADER fran\u00e7ais de la greffe de cheveux en Turquie\",\"publisher\":{\"@id\":\"https:\\\/\\\/klineva.com\\\/#organization\"},\"potentialAction\":[{\"@type\":\"SearchAction\",\"target\":{\"@type\":\"EntryPoint\",\"urlTemplate\":\"https:\\\/\\\/klineva.com\\\/?s={search_term_string}\"},\"query-input\":{\"@type\":\"PropertyValueSpecification\",\"valueRequired\":true,\"valueName\":\"search_term_string\"}}],\"inLanguage\":\"en-GB\"},{\"@type\":\"Organization\",\"@id\":\"https:\\\/\\\/klineva.com\\\/#organization\",\"name\":\"Klineva clinique esth\u00e9tique\",\"url\":\"https:\\\/\\\/klineva.com\\\/\",\"logo\":{\"@type\":\"ImageObject\",\"inLanguage\":\"en-GB\",\"@id\":\"https:\\\/\\\/klineva.com\\\/#\\\/schema\\\/logo\\\/image\\\/\",\"url\":\"https:\\\/\\\/klineva.com\\\/wp-content\\\/uploads\\\/2020\\\/09\\\/logo-klineva-1-11-1.svg\",\"contentUrl\":\"https:\\\/\\\/klineva.com\\\/wp-content\\\/uploads\\\/2020\\\/09\\\/logo-klineva-1-11-1.svg\",\"width\":1,\"height\":1,\"caption\":\"Klineva clinique esth\u00e9tique\"},\"image\":{\"@id\":\"https:\\\/\\\/klineva.com\\\/#\\\/schema\\\/logo\\\/image\\\/\"},\"sameAs\":[\"https:\\\/\\\/www.instagram.com\\\/klinevaofficiel\\\/\"]}]}<\/script>\n<!-- \/ Yoast SEO plugin. -->","yoast_head_json":{"title":"Find all the Klineva legal notices here","description":"Klineva's legal notices allow you to check our legal framework and contact us if necessary.","robots":{"index":"index","follow":"follow","max-snippet":"max-snippet:-1","max-image-preview":"max-image-preview:large","max-video-preview":"max-video-preview:-1"},"canonical":"https:\/\/klineva.com\/en\/mentions-legales\/","og_locale":"en_GB","og_type":"article","og_title":"Retrouvez ici toutes les mentions l\u00e9gales de Klineva","og_description":"Les mentions l\u00e9gales de Klineva, vous permettent de v\u00e9rifier notre cadre juridique et de nous contacter si besoin.","og_url":"https:\/\/klineva.com\/en\/mentions-legales\/","og_site_name":"Klineva","article_modified_time":"2024-03-01T13:08:34+00:00","twitter_card":"summary_large_image","twitter_misc":{"Estimated reading time":"8 minutes"},"schema":{"@context":"https:\/\/schema.org","@graph":[{"@type":"WebPage","@id":"https:\/\/klineva.com\/mentions-legales\/","url":"https:\/\/klineva.com\/mentions-legales\/","name":"Find all the Klineva legal notices here","isPartOf":{"@id":"https:\/\/klineva.com\/#website"},"datePublished":"2020-09-30T15:06:40+00:00","dateModified":"2024-03-01T13:08:34+00:00","description":"Klineva's legal notices allow you to check our legal framework and contact us if necessary.","breadcrumb":{"@id":"https:\/\/klineva.com\/mentions-legales\/#breadcrumb"},"inLanguage":"en-GB","potentialAction":[{"@type":"ReadAction","target":["https:\/\/klineva.com\/mentions-legales\/"]}]},{"@type":"BreadcrumbList","@id":"https:\/\/klineva.com\/mentions-legales\/#breadcrumb","itemListElement":[{"@type":"ListItem","position":1,"name":"Accueil","item":"https:\/\/klineva.com\/"},{"@type":"ListItem","position":2,"name":"Mentions legales"}]},{"@type":"WebSite","@id":"https:\/\/klineva.com\/#website","url":"https:\/\/klineva.com\/","name":"Klineva","description":"French leader in hair transplants in Turkey","publisher":{"@id":"https:\/\/klineva.com\/#organization"},"potentialAction":[{"@type":"SearchAction","target":{"@type":"EntryPoint","urlTemplate":"https:\/\/klineva.com\/?s={search_term_string}"},"query-input":{"@type":"PropertyValueSpecification","valueRequired":true,"valueName":"search_term_string"}}],"inLanguage":"en-GB"},{"@type":"Organization","@id":"https:\/\/klineva.com\/#organization","name":"Klineva aesthetic clinic","url":"https:\/\/klineva.com\/","logo":{"@type":"ImageObject","inLanguage":"en-GB","@id":"https:\/\/klineva.com\/#\/schema\/logo\/image\/","url":"https:\/\/klineva.com\/wp-content\/uploads\/2020\/09\/logo-klineva-1-11-1.svg","contentUrl":"https:\/\/klineva.com\/wp-content\/uploads\/2020\/09\/logo-klineva-1-11-1.svg","width":1,"height":1,"caption":"Klineva clinique esth\u00e9tique"},"image":{"@id":"https:\/\/klineva.com\/#\/schema\/logo\/image\/"},"sameAs":["https:\/\/www.instagram.com\/klinevaofficiel\/"]}]}},"_links":{"self":[{"href":"https:\/\/klineva.com\/en\/wp-json\/wp\/v2\/pages\/3614","targetHints":{"allow":["GET"]}}],"collection":[{"href":"https:\/\/klineva.com\/en\/wp-json\/wp\/v2\/pages"}],"about":[{"href":"https:\/\/klineva.com\/en\/wp-json\/wp\/v2\/types\/page"}],"author":[{"embeddable":true,"href":"https:\/\/klineva.com\/en\/wp-json\/wp\/v2\/users\/2"}],"replies":[{"embeddable":true,"href":"https:\/\/klineva.com\/en\/wp-json\/wp\/v2\/comments?post=3614"}],"version-history":[{"count":0,"href":"https:\/\/klineva.com\/en\/wp-json\/wp\/v2\/pages\/3614\/revisions"}],"wp:attachment":[{"href":"https:\/\/klineva.com\/en\/wp-json\/wp\/v2\/media?parent=3614"}],"curies":[{"name":"wp","href":"https:\/\/api.w.org\/{rel}","templated":true}]}}